{"id":860,"date":"2016-02-09T12:39:29","date_gmt":"2016-02-09T11:39:29","guid":{"rendered":"http:\/\/alumni.umh.es\/?page_id=860"},"modified":"2026-02-03T10:34:07","modified_gmt":"2026-02-03T09:34:07","slug":"boletin-tu-eres-alumni-umh","status":"publish","type":"page","link":"https:\/\/alumni.umh.es\/en\/actividades\/boletin-tu-eres-alumni-umh\/","title":{"rendered":"<span lang=\"es\">(Espa\u00f1ol) Bolet\u00edn T\u00fa eres Alumni UMH<\/span>"},"content":{"rendered":"<p class=\"qtranxs-available-languages-message qtranxs-available-languages-message-en\">Sorry, this entry is only available in <a href=\"https:\/\/alumni.umh.es\/es\/wp-json\/wp\/v2\/pages\/860\" class=\"qtranxs-available-language-link qtranxs-available-language-link-es\" title=\"Espa\u00f1ol\">European Spanish<\/a>.<\/p>","protected":false},"excerpt":{"rendered":"<p>Sorry, this entry is only available in European Spanish.<\/p>\n","protected":false},"author":3108,"featured_media":0,"parent":859,"menu_order":0,"comment_status":"closed","ping_status":"open","template":"","meta":{"ngg_post_thumbnail":0,"_links_to":"","_links_to_target":""},"_links":{"self":[{"href":"https:\/\/alumni.umh.es\/en\/wp-json\/wp\/v2\/pages\/860"}],"collection":[{"href":"https:\/\/alumni.umh.es\/en\/wp-json\/wp\/v2\/pages"}],"about":[{"href":"https:\/\/alumni.umh.es\/en\/wp-json\/wp\/v2\/types\/page"}],"author":[{"embeddable":true,"href":"https:\/\/alumni.umh.es\/en\/wp-json\/wp\/v2\/users\/3108"}],"replies":[{"embeddable":true,"href":"https:\/\/alumni.umh.es\/en\/wp-json\/wp\/v2\/comments?post=860"}],"version-history":[{"count":0,"href":"https:\/\/alumni.umh.es\/en\/wp-json\/wp\/v2\/pages\/860\/revisions"}],"up":[{"embeddable":true,"href":"https:\/\/alumni.umh.es\/en\/wp-json\/wp\/v2\/pages\/859"}],"wp:attachment":[{"href":"https:\/\/alumni.umh.es\/en\/wp-json\/wp\/v2\/media?parent=860"}],"curies":[{"name":"wp","href":"https:\/\/api.w.org\/{rel}","templated":true}]}}